{"id":555,"date":"2025-10-17T12:16:07","date_gmt":"2025-10-17T12:16:07","guid":{"rendered":"https:\/\/laboval.cl\/nueva\/?page_id=555"},"modified":"2025-10-28T00:41:12","modified_gmt":"2025-10-28T00:41:12","slug":"convenios-con-alianzas-y-empresas","status":"publish","type":"page","link":"https:\/\/laboval.cl\/nueva\/convenios-con-alianzas-y-empresas\/","title":{"rendered":"Medicina Preventiva: Descuentos especiales y operativos m\u00e9dicos"},"content":{"rendered":"\t\t<div data-elementor-type=\"wp-page\" data-elementor-id=\"555\" class=\"elementor elementor-555\" data-elementor-post-type=\"page\">\n\t\t\t\t<div class=\"elementor-element elementor-element-bca7239 e-flex e-con-boxed e-con e-parent\" data-id=\"bca7239\" data-element_type=\"container\" data-e-type=\"container\">\n\t\t\t\t\t<div class=\"e-con-inner\">\n\t\t\t\t\t<\/div>\n\t\t\t\t<\/div>\n\t\t<div class=\"elementor-element elementor-element-23c3155 e-flex e-con-boxed e-con e-parent\" data-id=\"23c3155\" data-element_type=\"container\" data-e-type=\"container\">\n\t\t\t\t\t<div class=\"e-con-inner\">\n\t\t\t\t<div class=\"elementor-element elementor-element-68493a2 elementor-widget elementor-widget-text-editor\" data-id=\"68493a2\" data-element_type=\"widget\" data-e-type=\"widget\" data-widget_type=\"text-editor.default\">\n\t\t\t\t\t\t\t\t\t<div><p>Promovemos la medicina preventiva en empresas e instituciones p\u00fablicas mediante <b>descuentos especiales, charlas y operativos m\u00e9dicos<\/b>. Adem\u00e1s podemos prestar servicios en terreno en base a tu necesidad.<\/p><p>Tambi\u00e9n creamos packs preventivos en base a tus objetivos. Te ayudamos a cuidar a tus colaboradores o clientes.<\/p><p>\u00a0Aqu\u00ed te mostramos algunos de nuestro packs de ex\u00e1menes y servicios a medida:<\/p><\/div>\t\t\t\t\t\t\t\t<\/div>\n\t\t\t\t\t<\/div>\n\t\t\t\t<\/div>\n\t\t<div class=\"elementor-element elementor-element-63a94f9 e-flex e-con-boxed elementor-invisible e-con e-parent\" data-id=\"63a94f9\" data-element_type=\"container\" data-e-type=\"container\" data-settings=\"{&quot;animation&quot;:&quot;fadeInUp&quot;}\">\n\t\t\t\t\t<div class=\"e-con-inner\">\n\t\t<div class=\"elementor-element elementor-element-07fc1e4 e-con-full e-flex e-con e-child\" data-id=\"07fc1e4\" data-element_type=\"container\" data-e-type=\"container\" data-settings=\"{&quot;background_background&quot;:&quot;classic&quot;}\">\n\t\t<div class=\"elementor-element elementor-element-37d874a e-con-full e-flex e-con e-child\" data-id=\"37d874a\" data-element_type=\"container\" data-e-type=\"container\">\n\t\t\t\t<div class=\"elementor-element elementor-element-9216084 elementor-widget elementor-widget-text-editor\" data-id=\"9216084\" data-element_type=\"widget\" data-e-type=\"widget\" data-widget_type=\"text-editor.default\">\n\t\t\t\t\t\t\t\t\t<p>Pack Preventivo Hombre<\/p>\t\t\t\t\t\t\t\t<\/div>\n\t\t\t\t<div class=\"elementor-element elementor-element-f1bd766 elementor-widget elementor-widget-text-editor\" data-id=\"f1bd766\" data-element_type=\"widget\" data-e-type=\"widget\" data-widget_type=\"text-editor.default\">\n\t\t\t\t\t\t\t\t\t<p>Hemograma<br \/>Perfil Lip\u00eddico<br \/>Perfil Bioqu\u00edmico<br \/>Orina Completa<br \/>Creatinina en sangre<br \/>Ant\u00edgeno prost\u00e1tico espec\u00edfico<\/p>\t\t\t\t\t\t\t\t<\/div>\n\t\t\t\t<div class=\"elementor-element elementor-element-f309db3 elementor-widget elementor-widget-spacer\" data-id=\"f309db3\" data-element_type=\"widget\" data-e-type=\"widget\" data-widget_type=\"spacer.default\">\n\t\t\t\t\t\t\t<div class=\"elementor-spacer\">\n\t\t\t<div class=\"elementor-spacer-inner\"><\/div>\n\t\t<\/div>\n\t\t\t\t\t\t<\/div>\n\t\t\t\t<\/div>\n\t\t\t\t<\/div>\n\t\t<div class=\"elementor-element elementor-element-cb578cb e-con-full e-flex e-con e-child\" data-id=\"cb578cb\" data-element_type=\"container\" data-e-type=\"container\" data-settings=\"{&quot;background_background&quot;:&quot;classic&quot;}\">\n\t\t<div class=\"elementor-element elementor-element-ec51c28 e-con-full e-flex e-con e-child\" data-id=\"ec51c28\" data-element_type=\"container\" data-e-type=\"container\">\n\t\t\t\t<div class=\"elementor-element elementor-element-458e617 elementor-widget elementor-widget-text-editor\" data-id=\"458e617\" data-element_type=\"widget\" data-e-type=\"widget\" data-widget_type=\"text-editor.default\">\n\t\t\t\t\t\t\t\t\t<p>Pack Preventivo Mujer<\/p>\t\t\t\t\t\t\t\t<\/div>\n\t\t\t\t<div class=\"elementor-element elementor-element-d902a96 elementor-widget elementor-widget-text-editor\" data-id=\"d902a96\" data-element_type=\"widget\" data-e-type=\"widget\" data-widget_type=\"text-editor.default\">\n\t\t\t\t\t\t\t\t\t<p>Hemograma<br \/>Perfil Lip\u00eddico<br \/>Perfil Bioqu\u00edmico<br \/>Orina Completa<br \/>Creatinina en sangreSub Beta<br \/>Ant\u00edgeno CA125<br \/>VPH PCR<\/p>\t\t\t\t\t\t\t\t<\/div>\n\t\t\t\t<div class=\"elementor-element elementor-element-2f4c1ab elementor-widget elementor-widget-spacer\" data-id=\"2f4c1ab\" data-element_type=\"widget\" data-e-type=\"widget\" data-widget_type=\"spacer.default\">\n\t\t\t\t\t\t\t<div class=\"elementor-spacer\">\n\t\t\t<div class=\"elementor-spacer-inner\"><\/div>\n\t\t<\/div>\n\t\t\t\t\t\t<\/div>\n\t\t\t\t<\/div>\n\t\t\t\t<\/div>\n\t\t<div class=\"elementor-element elementor-element-a7ed5e3 e-con-full e-flex e-con e-child\" data-id=\"a7ed5e3\" data-element_type=\"container\" data-e-type=\"container\" data-settings=\"{&quot;background_background&quot;:&quot;classic&quot;}\">\n\t\t<div class=\"elementor-element elementor-element-dbb0f43 e-con-full e-flex e-con e-child\" data-id=\"dbb0f43\" data-element_type=\"container\" data-e-type=\"container\">\n\t\t\t\t<div class=\"elementor-element elementor-element-fee1f09 elementor-widget elementor-widget-text-editor\" data-id=\"fee1f09\" data-element_type=\"widget\" data-e-type=\"widget\" data-widget_type=\"text-editor.default\">\n\t\t\t\t\t\t\t\t\t<p>Panel Respiratorio<\/p>\t\t\t\t\t\t\t\t<\/div>\n\t\t\t\t<\/div>\n\t\t<div class=\"elementor-element elementor-element-16058ac e-con-full e-flex e-con e-child\" data-id=\"16058ac\" data-element_type=\"container\" data-e-type=\"container\">\n\t\t\t\t<div class=\"elementor-element elementor-element-a899f01 elementor-widget elementor-widget-text-editor\" data-id=\"a899f01\" data-element_type=\"widget\" data-e-type=\"widget\" data-widget_type=\"text-editor.default\">\n\t\t\t\t\t\t\t\t\t<p>Pack Drogas<\/p>\t\t\t\t\t\t\t\t<\/div>\n\t\t\t\t<\/div>\n\t\t<div class=\"elementor-element elementor-element-316ea3c e-con-full e-flex e-con e-child\" data-id=\"316ea3c\" data-element_type=\"container\" data-e-type=\"container\">\n\t\t\t\t<div class=\"elementor-element elementor-element-d2bc971 elementor-widget elementor-widget-text-editor\" data-id=\"d2bc971\" data-element_type=\"widget\" data-e-type=\"widget\" data-widget_type=\"text-editor.default\">\n\t\t\t\t\t\t\t\t\t<p>Panel ETS<\/p>\t\t\t\t\t\t\t\t<\/div>\n\t\t\t\t<\/div>\n\t\t<div class=\"elementor-element elementor-element-d7a8691 e-con-full e-flex e-con e-child\" data-id=\"d7a8691\" data-element_type=\"container\" data-e-type=\"container\">\n\t\t\t\t<div class=\"elementor-element elementor-element-a90b7d1 elementor-widget elementor-widget-text-editor\" data-id=\"a90b7d1\" data-element_type=\"widget\" data-e-type=\"widget\" data-widget_type=\"text-editor.default\">\n\t\t\t\t\t\t\t\t\t<p>Pack Diab\u00e9ticos<\/p>\t\t\t\t\t\t\t\t<\/div>\n\t\t\t\t<\/div>\n\t\t\t\t<\/div>\n\t\t\t\t\t<\/div>\n\t\t\t\t<\/div>\n\t\t<div class=\"elementor-element elementor-element-d0f9be8 e-flex e-con-boxed e-con e-parent\" data-id=\"d0f9be8\" data-element_type=\"container\" data-e-type=\"container\">\n\t\t\t\t\t<div class=\"e-con-inner\">\n\t\t\t\t<div class=\"elementor-element elementor-element-a8379ac elementor-widget elementor-widget-text-editor\" data-id=\"a8379ac\" data-element_type=\"widget\" data-e-type=\"widget\" data-widget_type=\"text-editor.default\">\n\t\t\t\t\t\t\t\t\t<h3><strong>Nuestra oferta e Invitaci\u00f3n<\/strong><\/h3><p><strong>\u00a0<\/strong>Laboratorio Laboval en conjunto con grupo CMK, buscamos ampliar nuestra red de partners estrat\u00e9gicos, ofreciendo servicios integrales para sus pacientes, por esto te invitamos a ser parte y a apalancar nuestros proyectos, aprovechar econom\u00edas de escala y nichos de especialidad de cada una de las empresas de nuestro grupo empresarial. \u00a1Cont\u00e1ctanos!<\/p>\t\t\t\t\t\t\t\t<\/div>\n\t\t\t\t\t<\/div>\n\t\t\t\t<\/div>\n\t\t\t\t<\/div>\n\t\t","protected":false},"excerpt":{"rendered":"<p>Promovemos la medicina preventiva en empresas e instituciones p\u00fablicas mediante descuentos especiales, charlas y operativos m\u00e9dicos. Adem\u00e1s podemos prestar servicios en terreno en base a tu necesidad. Tambi\u00e9n creamos packs preventivos en base a tus objetivos. Te ayudamos a cuidar a tus colaboradores o clientes. \u00a0Aqu\u00ed te mostramos algunos de nuestro packs de ex\u00e1menes y [&hellip;]<\/p>\n","protected":false},"author":1,"featured_media":0,"parent":0,"menu_order":0,"comment_status":"closed","ping_status":"closed","template":"","meta":{"footnotes":""},"class_list":["post-555","page","type-page","status-publish","hentry"],"_links":{"self":[{"href":"https:\/\/laboval.cl\/nueva\/wp-json\/wp\/v2\/pages\/555","targetHints":{"allow":["GET"]}}],"collection":[{"href":"https:\/\/laboval.cl\/nueva\/wp-json\/wp\/v2\/pages"}],"about":[{"href":"https:\/\/laboval.cl\/nueva\/wp-json\/wp\/v2\/types\/page"}],"author":[{"embeddable":true,"href":"https:\/\/laboval.cl\/nueva\/wp-json\/wp\/v2\/users\/1"}],"replies":[{"embeddable":true,"href":"https:\/\/laboval.cl\/nueva\/wp-json\/wp\/v2\/comments?post=555"}],"version-history":[{"count":37,"href":"https:\/\/laboval.cl\/nueva\/wp-json\/wp\/v2\/pages\/555\/revisions"}],"predecessor-version":[{"id":644,"href":"https:\/\/laboval.cl\/nueva\/wp-json\/wp\/v2\/pages\/555\/revisions\/644"}],"wp:attachment":[{"href":"https:\/\/laboval.cl\/nueva\/wp-json\/wp\/v2\/media?parent=555"}],"curies":[{"name":"wp","href":"https:\/\/api.w.org\/{rel}","templated":true}]}}