{"id":266,"date":"2025-10-07T11:48:05","date_gmt":"2025-10-07T11:48:05","guid":{"rendered":"https:\/\/laboval.cl\/nueva\/?page_id=266"},"modified":"2025-10-28T00:44:10","modified_gmt":"2025-10-28T00:44:10","slug":"fonasa","status":"publish","type":"page","link":"https:\/\/laboval.cl\/nueva\/fonasa\/","title":{"rendered":"Fonasa"},"content":{"rendered":"\t\t<div data-elementor-type=\"wp-page\" data-elementor-id=\"266\" class=\"elementor elementor-266\" data-elementor-post-type=\"page\">\n\t\t\t\t<div class=\"elementor-element elementor-element-bca7239 e-flex e-con-boxed e-con e-parent\" data-id=\"bca7239\" data-element_type=\"container\" data-e-type=\"container\">\n\t\t\t\t\t<div class=\"e-con-inner\">\n\t\t\t\t\t<\/div>\n\t\t\t\t<\/div>\n\t\t<div class=\"elementor-element elementor-element-e705436 e-flex e-con-boxed e-con e-parent\" data-id=\"e705436\" data-element_type=\"container\" data-e-type=\"container\">\n\t\t\t\t\t<div class=\"e-con-inner\">\n\t\t<div class=\"elementor-element elementor-element-e13b54d e-con-full e-flex e-con e-child\" data-id=\"e13b54d\" data-element_type=\"container\" data-e-type=\"container\">\n\t\t\t\t<div class=\"elementor-element elementor-element-f9bb0b1 elementor-widget elementor-widget-image\" data-id=\"f9bb0b1\" data-element_type=\"widget\" data-e-type=\"widget\" data-widget_type=\"image.default\">\n\t\t\t\t\t\t\t\t\t\t\t\t\t\t\t<img fetchpriority=\"high\" decoding=\"async\" width=\"1721\" height=\"468\" src=\"https:\/\/laboval.cl\/nueva\/wp-content\/uploads\/2025\/10\/1720-x-466-pix-Banner-Fonasa.png\" class=\"attachment-full size-full wp-image-409\" alt=\"\" srcset=\"https:\/\/laboval.cl\/nueva\/wp-content\/uploads\/2025\/10\/1720-x-466-pix-Banner-Fonasa.png 1721w, https:\/\/laboval.cl\/nueva\/wp-content\/uploads\/2025\/10\/1720-x-466-pix-Banner-Fonasa-300x82.png 300w, https:\/\/laboval.cl\/nueva\/wp-content\/uploads\/2025\/10\/1720-x-466-pix-Banner-Fonasa-1024x278.png 1024w, https:\/\/laboval.cl\/nueva\/wp-content\/uploads\/2025\/10\/1720-x-466-pix-Banner-Fonasa-768x209.png 768w, https:\/\/laboval.cl\/nueva\/wp-content\/uploads\/2025\/10\/1720-x-466-pix-Banner-Fonasa-1536x418.png 1536w\" sizes=\"(max-width: 1721px) 100vw, 1721px\" \/>\t\t\t\t\t\t\t\t\t\t\t\t\t\t\t<\/div>\n\t\t\t\t<\/div>\n\t\t\t\t\t<\/div>\n\t\t\t\t<\/div>\n\t\t<div class=\"elementor-element elementor-element-23c3155 e-flex e-con-boxed e-con e-parent\" data-id=\"23c3155\" data-element_type=\"container\" data-e-type=\"container\">\n\t\t\t\t\t<div class=\"e-con-inner\">\n\t\t\t\t<div class=\"elementor-element elementor-element-68493a2 elementor-widget elementor-widget-text-editor\" data-id=\"68493a2\" data-element_type=\"widget\" data-e-type=\"widget\" data-widget_type=\"text-editor.default\">\n\t\t\t\t\t\t\t\t\t<h3><strong>En Laboval somos nivel 1<\/strong><\/h3><div>La mayor\u00eda de nuestras sucursales son Nivel 1, nos preocupamos de darte los mejores precios para que puedas acceder a ex\u00e1menes precisos y confiables. Sin embargo, nuestras sucursales que se encuentran dentro de centros m\u00e9dicos son Nivel 3. <b>Es importante que revises nuestras sucursales Nivel 1.\u00a0<\/b><\/div>\t\t\t\t\t\t\t\t<\/div>\n\t\t\t\t\t<\/div>\n\t\t\t\t<\/div>\n\t\t<div class=\"elementor-element elementor-element-e7ef7a7 e-flex e-con-boxed e-con e-parent\" data-id=\"e7ef7a7\" data-element_type=\"container\" data-e-type=\"container\">\n\t\t\t\t\t<div class=\"e-con-inner\">\n\t\t<div class=\"elementor-element elementor-element-19ba7ac e-con-full e-flex e-con e-child\" data-id=\"19ba7ac\" data-element_type=\"container\" data-e-type=\"container\">\n\t\t\t\t<div class=\"elementor-element elementor-element-a732d7e elementor-widget elementor-widget-text-editor\" data-id=\"a732d7e\" data-element_type=\"widget\" data-e-type=\"widget\" data-widget_type=\"text-editor.default\">\n\t\t\t\t\t\t\t\t\t<h3><strong>Ahorra hasta un 70%<\/strong><\/h3>\nSi cotizas con nosotros y comparas nuestra Fonasa Nivel 1 con un Laboratorio de Nivel 3, podr\u00edas ver las diferencias en el copago, es decir, el monto que pagas como paciente. El copago en general es un 55% m\u00e1s barato, y del valor total del bono podr\u00e1s ahorrar hasta un 70% si consideras nuestros descuentos especiales.\t\t\t\t\t\t\t\t<\/div>\n\t\t\t\t<\/div>\n\t\t<div class=\"elementor-element elementor-element-e29ddb1 e-con-full e-flex e-con e-child\" data-id=\"e29ddb1\" data-element_type=\"container\" data-e-type=\"container\">\n\t\t\t\t<div class=\"elementor-element elementor-element-ca8b0ad elementor-widget elementor-widget-image\" data-id=\"ca8b0ad\" data-element_type=\"widget\" data-e-type=\"widget\" data-widget_type=\"image.default\">\n\t\t\t\t\t\t\t\t\t\t\t\t\t\t\t<img decoding=\"async\" width=\"648\" height=\"288\" src=\"https:\/\/laboval.cl\/nueva\/wp-content\/uploads\/2025\/10\/WhatsApp-Image-2025-10-17-at-10.44.27-AM.jpeg\" class=\"attachment-large size-large wp-image-600\" alt=\"\" srcset=\"https:\/\/laboval.cl\/nueva\/wp-content\/uploads\/2025\/10\/WhatsApp-Image-2025-10-17-at-10.44.27-AM.jpeg 648w, https:\/\/laboval.cl\/nueva\/wp-content\/uploads\/2025\/10\/WhatsApp-Image-2025-10-17-at-10.44.27-AM-300x133.jpeg 300w\" sizes=\"(max-width: 648px) 100vw, 648px\" \/>\t\t\t\t\t\t\t\t\t\t\t\t\t\t\t<\/div>\n\t\t\t\t<\/div>\n\t\t\t\t\t<\/div>\n\t\t\t\t<\/div>\n\t\t<div class=\"elementor-element elementor-element-5496983 e-flex e-con-boxed e-con e-parent\" data-id=\"5496983\" data-element_type=\"container\" data-e-type=\"container\">\n\t\t\t\t\t<div class=\"e-con-inner\">\n\t\t\t\t<div class=\"elementor-element elementor-element-5d39d4a elementor-widget elementor-widget-text-editor\" data-id=\"5d39d4a\" data-element_type=\"widget\" data-e-type=\"widget\" data-widget_type=\"text-editor.default\">\n\t\t\t\t\t\t\t\t\t<h3><strong>Nivel de Fonasa a medida de tu centro m\u00e9dico<\/strong><\/h3><p><strong>Si eres un centro m\u00e9dico o prestador del \u00e1rea de la salud<\/strong>, te contamos que <strong>tenemos la flexibilidad para ser Fonasa Nivel 1 \u00f3 Nivel 3,<\/strong> seg\u00fan tu necesidad. Si est\u00e1s buscando un Laboratorio cl\u00ednico aliado para habilitar su Sala externa de toma de muestras (SETM) <strong>\u00a1Cont\u00e1ctanos y te acompa\u00f1aremos en todo el proceso!<\/strong><\/p>\t\t\t\t\t\t\t\t<\/div>\n\t\t\t\t\t<\/div>\n\t\t\t\t<\/div>\n\t\t\t\t<\/div>\n\t\t","protected":false},"excerpt":{"rendered":"<p>En Laboval somos nivel 1 La mayor\u00eda de nuestras sucursales son Nivel 1, nos preocupamos de darte los mejores precios para que puedas acceder a ex\u00e1menes precisos y confiables. Sin embargo, nuestras sucursales que se encuentran dentro de centros m\u00e9dicos son Nivel 3. Es importante que revises nuestras sucursales Nivel 1.\u00a0 Ahorra hasta un 70% [&hellip;]<\/p>\n","protected":false},"author":1,"featured_media":0,"parent":0,"menu_order":0,"comment_status":"closed","ping_status":"closed","template":"","meta":{"footnotes":""},"class_list":["post-266","page","type-page","status-publish","hentry"],"_links":{"self":[{"href":"https:\/\/laboval.cl\/nueva\/wp-json\/wp\/v2\/pages\/266","targetHints":{"allow":["GET"]}}],"collection":[{"href":"https:\/\/laboval.cl\/nueva\/wp-json\/wp\/v2\/pages"}],"about":[{"href":"https:\/\/laboval.cl\/nueva\/wp-json\/wp\/v2\/types\/page"}],"author":[{"embeddable":true,"href":"https:\/\/laboval.cl\/nueva\/wp-json\/wp\/v2\/users\/1"}],"replies":[{"embeddable":true,"href":"https:\/\/laboval.cl\/nueva\/wp-json\/wp\/v2\/comments?post=266"}],"version-history":[{"count":19,"href":"https:\/\/laboval.cl\/nueva\/wp-json\/wp\/v2\/pages\/266\/revisions"}],"predecessor-version":[{"id":647,"href":"https:\/\/laboval.cl\/nueva\/wp-json\/wp\/v2\/pages\/266\/revisions\/647"}],"wp:attachment":[{"href":"https:\/\/laboval.cl\/nueva\/wp-json\/wp\/v2\/media?parent=266"}],"curies":[{"name":"wp","href":"https:\/\/api.w.org\/{rel}","templated":true}]}}