{"id":25,"date":"2025-10-02T18:17:22","date_gmt":"2025-10-02T18:17:22","guid":{"rendered":"https:\/\/laboval.cl\/nueva\/?page_id=25"},"modified":"2025-10-30T13:27:38","modified_gmt":"2025-10-30T13:27:38","slug":"nosotros","status":"publish","type":"page","link":"https:\/\/laboval.cl\/nueva\/nosotros\/","title":{"rendered":"Nosotros"},"content":{"rendered":"\t\t<div data-elementor-type=\"wp-page\" data-elementor-id=\"25\" class=\"elementor elementor-25\" data-elementor-post-type=\"page\">\n\t\t\t\t<div class=\"elementor-element elementor-element-11f9c4a2 e-flex e-con-boxed e-con e-parent\" data-id=\"11f9c4a2\" data-element_type=\"container\" data-e-type=\"container\">\n\t\t\t\t\t<div class=\"e-con-inner\">\n\t\t\t\t<div class=\"elementor-element elementor-element-a691e0b elementor-widget elementor-widget-heading\" data-id=\"a691e0b\" data-element_type=\"widget\" data-e-type=\"widget\" data-widget_type=\"heading.default\">\n\t\t\t\t\t<h1 class=\"elementor-heading-title elementor-size-default\">Quienes Somos<\/h1>\t\t\t\t<\/div>\n\t\t\t\t\t<\/div>\n\t\t\t\t<\/div>\n\t\t<div class=\"elementor-element elementor-element-13acaca e-flex e-con-boxed elementor-invisible e-con e-parent\" data-id=\"13acaca\" data-element_type=\"container\" data-e-type=\"container\" data-settings=\"{&quot;animation&quot;:&quot;fadeInLeft&quot;}\">\n\t\t\t\t\t<div class=\"e-con-inner\">\n\t\t<div class=\"elementor-element elementor-element-d743322 e-grid e-con-full e-con e-child\" data-id=\"d743322\" data-element_type=\"container\" data-e-type=\"container\">\n\t\t\t\t<div class=\"elementor-element elementor-element-b4d1964 elementor-widget elementor-widget-image\" data-id=\"b4d1964\" data-element_type=\"widget\" data-e-type=\"widget\" data-widget_type=\"image.default\">\n\t\t\t\t\t\t\t\t\t\t\t\t\t\t\t<img fetchpriority=\"high\" decoding=\"async\" width=\"641\" height=\"351\" src=\"https:\/\/laboval.cl\/nueva\/wp-content\/uploads\/2025\/10\/640-x-350-pix-Interior-5.png\" class=\"attachment-large size-large wp-image-403\" alt=\"\" srcset=\"https:\/\/laboval.cl\/nueva\/wp-content\/uploads\/2025\/10\/640-x-350-pix-Interior-5.png 641w, https:\/\/laboval.cl\/nueva\/wp-content\/uploads\/2025\/10\/640-x-350-pix-Interior-5-300x164.png 300w\" sizes=\"(max-width: 641px) 100vw, 641px\" \/>\t\t\t\t\t\t\t\t\t\t\t\t\t\t\t<\/div>\n\t\t\t\t<div class=\"elementor-element elementor-element-43bbf8e elementor-widget elementor-widget-image\" data-id=\"43bbf8e\" data-element_type=\"widget\" data-e-type=\"widget\" data-widget_type=\"image.default\">\n\t\t\t\t\t\t\t\t\t\t\t\t\t\t\t<img decoding=\"async\" width=\"641\" height=\"351\" src=\"https:\/\/laboval.cl\/nueva\/wp-content\/uploads\/2025\/10\/640-x-350-pix-Interior-4.png\" class=\"attachment-large size-large wp-image-404\" alt=\"\" srcset=\"https:\/\/laboval.cl\/nueva\/wp-content\/uploads\/2025\/10\/640-x-350-pix-Interior-4.png 641w, https:\/\/laboval.cl\/nueva\/wp-content\/uploads\/2025\/10\/640-x-350-pix-Interior-4-300x164.png 300w\" sizes=\"(max-width: 641px) 100vw, 641px\" \/>\t\t\t\t\t\t\t\t\t\t\t\t\t\t\t<\/div>\n\t\t\t\t<\/div>\n\t\t\t\t\t<\/div>\n\t\t\t\t<\/div>\n\t\t<div class=\"elementor-element elementor-element-ffba8ba e-flex e-con-boxed elementor-invisible e-con e-parent\" data-id=\"ffba8ba\" data-element_type=\"container\" data-e-type=\"container\" data-settings=\"{&quot;animation&quot;:&quot;fadeInLeft&quot;}\">\n\t\t\t\t\t<div class=\"e-con-inner\">\n\t\t\t\t<div class=\"elementor-element elementor-element-73b6e88 elementor-widget elementor-widget-text-editor\" data-id=\"73b6e88\" data-element_type=\"widget\" data-e-type=\"widget\" data-widget_type=\"text-editor.default\">\n\t\t\t\t\t\t\t\t\t\n<p>Somos un equipo de profesionales de la salud comprometidos con la precisi\u00f3n diagn\u00f3stica, la innovaci\u00f3n tecnol\u00f3gica y la atenci\u00f3n cercana a nuestros pacientes.<br \/>Nuestro objetivo es <strong>ser un socio confiable para m\u00e9dicos y pacientes<\/strong>, entregando resultados de excelencia que apoyen decisiones m\u00e9dicas certeras y oportunas.\u00a0<\/p>\n\t\t\t\t\t\t\t\t<\/div>\n\t\t\t\t\t<\/div>\n\t\t\t\t<\/div>\n\t\t<div class=\"elementor-element elementor-element-0ce7a89 e-flex e-con-boxed elementor-invisible e-con e-parent\" data-id=\"0ce7a89\" data-element_type=\"container\" data-e-type=\"container\" data-settings=\"{&quot;animation&quot;:&quot;fadeInLeft&quot;}\">\n\t\t\t\t\t<div class=\"e-con-inner\">\n\t\t\t\t<div class=\"elementor-element elementor-element-bb2acad elementor-widget elementor-widget-heading\" data-id=\"bb2acad\" data-element_type=\"widget\" data-e-type=\"widget\" data-widget_type=\"heading.default\">\n\t\t\t\t\t<h3 class=\"elementor-heading-title elementor-size-default\">Nuestra Historia<\/h3>\t\t\t\t<\/div>\n\t\t\t\t<div class=\"elementor-element elementor-element-13f5490 elementor-widget elementor-widget-text-editor\" data-id=\"13f5490\" data-element_type=\"widget\" data-e-type=\"widget\" data-widget_type=\"text-editor.default\">\n\t\t\t\t\t\t\t\t\t\n<p>Laboratorio <strong>Cl\u00ednico LABOVAL SpA<\/strong> es una sociedad de profesionales dedicada al desarrollo del Laboratorio Cl\u00ednico desde el a\u00f1o 1997. Nuestros inicios se remontan al Gran Valpara\u00edso, donde comenzamos con el firme prop\u00f3sito de entregar resultados confiables, precisos y oportunos, siempre al servicio de la comunidad y del profesional m\u00e9dico.<\/p>\n\n<p>Con el paso de los a\u00f1os, hemos consolidado nuestra presencia en la regi\u00f3n, contando hoy con un moderno Laboratorio Central en el sector de Re\u00f1aca, Vi\u00f1a del Mar, adem\u00e1s de 10 salas externas de toma de muestras en importantes centros de la Regi\u00f3n de Valpara\u00edso y Metropolitana. En el a\u00f1o 2024 Laboval pasa a forma parte del grupo Clinical Market (CMK).<\/p>\n\t\t\t\t\t\t\t\t<\/div>\n\t\t\t\t\t<\/div>\n\t\t\t\t<\/div>\n\t\t<div class=\"elementor-element elementor-element-a4c04cb e-flex e-con-boxed elementor-invisible e-con e-parent\" data-id=\"a4c04cb\" data-element_type=\"container\" data-e-type=\"container\" data-settings=\"{&quot;animation&quot;:&quot;fadeInLeft&quot;}\">\n\t\t\t\t\t<div class=\"e-con-inner\">\n\t\t\t\t<div class=\"elementor-element elementor-element-1572b60 elementor-widget elementor-widget-heading\" data-id=\"1572b60\" data-element_type=\"widget\" data-e-type=\"widget\" data-widget_type=\"heading.default\">\n\t\t\t\t\t<h3 class=\"elementor-heading-title elementor-size-default\">Somos una empresa de Grupo CMK<\/h3>\t\t\t\t<\/div>\n\t\t\t\t<div class=\"elementor-element elementor-element-c71f200 elementor-widget elementor-widget-text-editor\" data-id=\"c71f200\" data-element_type=\"widget\" data-e-type=\"widget\" data-widget_type=\"text-editor.default\">\n\t\t\t\t\t\t\t\t\t\n<p>Formamos parte del <strong>Grupo Clinical Market<\/strong>, lo que nos permite proyectarnos como un laboratorio con respaldo y solidez. Fundada en 2010, Clinical Market (CMK) es uno de los principales actores de la industria de la salud en Chile, con una notable participaci\u00f3n en la distribuci\u00f3n, preparaci\u00f3n, comercializaci\u00f3n y aplicaci\u00f3n de medicamentos farmac\u00e9uticos de alto costo.<\/p>\n\t\t\t\t\t\t\t\t<\/div>\n\t\t\t\t\t<\/div>\n\t\t\t\t<\/div>\n\t\t<div class=\"elementor-element elementor-element-d8d682c e-flex e-con-boxed elementor-invisible e-con e-parent\" data-id=\"d8d682c\" data-element_type=\"container\" data-e-type=\"container\" data-settings=\"{&quot;animation&quot;:&quot;fadeInLeft&quot;}\">\n\t\t\t\t\t<div class=\"e-con-inner\">\n\t\t\t\t<div class=\"elementor-element elementor-element-1e0663f elementor-widget elementor-widget-heading\" data-id=\"1e0663f\" data-element_type=\"widget\" data-e-type=\"widget\" data-widget_type=\"heading.default\">\n\t\t\t\t\t<h3 class=\"elementor-heading-title elementor-size-default\">Tecnolog\u00eda, innovaci\u00f3n y alianzas<\/h3>\t\t\t\t<\/div>\n\t\t\t\t<div class=\"elementor-element elementor-element-926c287 elementor-widget elementor-widget-text-editor\" data-id=\"926c287\" data-element_type=\"widget\" data-e-type=\"widget\" data-widget_type=\"text-editor.default\">\n\t\t\t\t\t\t\t\t\t\n<p>En <strong>LABOVAL<\/strong> trabajamos con la tecnolog\u00eda m\u00e1s avanzada en el \u00e1rea, utilizando equipamiento <strong>ROCHE<\/strong>, referente mundial en innovaci\u00f3n diagn\u00f3stica. Esto nos permite desarrollar una amplia gama de ex\u00e1menes en <strong>hematolog\u00eda, qu\u00edmica, hormonas, inmunolog\u00eda y microbiolog\u00eda<\/strong>, asegurando la m\u00e1s alta calidad y confiabilidad en los resultados.<\/p>\n\n<p>Tenemos una <strong>alianza estrat\u00e9gica con Laboratorio Barnafi Krause (BK)<\/strong>, l\u00edder en innovaci\u00f3n y procesamiento de ex\u00e1menes de alta especialidad en Chile, fortaleciendo nuestro compromiso con la excelencia en servicios de salud.<\/p>\n\n<p>Contamos con una amplia gama de <strong>ex\u00e1menes gen\u00e9ticos<\/strong>, estos nos permite identificar variantes en el ADN que pueden estar asociadas a enfermedades hereditarias o adquiridas. Estos estudios se dividen principalmente en dos grandes grupos: <strong>oncol\u00f3gicos y no oncol\u00f3gicos.<\/strong><\/p>\n\t\t\t\t\t\t\t\t<\/div>\n\t\t\t\t\t<\/div>\n\t\t\t\t<\/div>\n\t\t<div class=\"elementor-element elementor-element-17cb944 e-flex e-con-boxed e-con e-parent\" data-id=\"17cb944\" data-element_type=\"container\" data-e-type=\"container\">\n\t\t\t\t\t<div class=\"e-con-inner\">\n\t\t\t\t<div class=\"elementor-element elementor-element-98d338f elementor-widget elementor-widget-heading\" data-id=\"98d338f\" data-element_type=\"widget\" data-e-type=\"widget\" data-widget_type=\"heading.default\">\n\t\t\t\t\t<h2 class=\"elementor-heading-title elementor-size-default\">Partners<\/h2>\t\t\t\t<\/div>\n\t\t\t\t\t<\/div>\n\t\t\t\t<\/div>\n\t\t<div class=\"elementor-element elementor-element-7278b2f e-flex e-con-boxed e-con e-parent\" data-id=\"7278b2f\" data-element_type=\"container\" data-e-type=\"container\">\n\t\t\t\t\t<div class=\"e-con-inner\">\n\t\t\t\t<div class=\"elementor-element elementor-element-c7941d5 elementor-arrows-position-inside elementor-pagination-position-outside elementor-widget elementor-widget-image-carousel\" data-id=\"c7941d5\" data-element_type=\"widget\" data-e-type=\"widget\" data-settings=\"{&quot;slides_to_show&quot;:&quot;3&quot;,&quot;slides_to_scroll&quot;:&quot;1&quot;,&quot;lazyload&quot;:&quot;yes&quot;,&quot;image_spacing_custom&quot;:{&quot;unit&quot;:&quot;px&quot;,&quot;size&quot;:0,&quot;sizes&quot;:[]},&quot;navigation&quot;:&quot;both&quot;,&quot;autoplay&quot;:&quot;yes&quot;,&quot;pause_on_hover&quot;:&quot;yes&quot;,&quot;pause_on_interaction&quot;:&quot;yes&quot;,&quot;autoplay_speed&quot;:5000,&quot;infinite&quot;:&quot;yes&quot;,&quot;speed&quot;:500,&quot;image_spacing_custom_tablet&quot;:{&quot;unit&quot;:&quot;px&quot;,&quot;size&quot;:&quot;&quot;,&quot;sizes&quot;:[]},&quot;image_spacing_custom_mobile&quot;:{&quot;unit&quot;:&quot;px&quot;,&quot;size&quot;:&quot;&quot;,&quot;sizes&quot;:[]}}\" data-widget_type=\"image-carousel.default\">\n\t\t\t\t\t\t\t<div class=\"elementor-image-carousel-wrapper swiper\" role=\"region\" aria-roledescription=\"carousel\" aria-label=\"Carrusel de im\u00e1genes\" dir=\"ltr\">\n\t\t\t<div class=\"elementor-image-carousel swiper-wrapper\" aria-live=\"off\">\n\t\t\t\t\t\t\t\t<div class=\"swiper-slide\" role=\"group\" aria-roledescription=\"slide\" aria-label=\"1 de 5\"><a data-elementor-open-lightbox=\"yes\" data-elementor-lightbox-slideshow=\"c7941d5\" data-elementor-lightbox-title=\"400 x 150_LOGO BARNAFI KRUSE\" data-e-action-hash=\"#elementor-action%3Aaction%3Dlightbox%26settings%3DeyJpZCI6ODM1LCJ1cmwiOiJodHRwczpcL1wvbGFib3ZhbC5jbFwvbnVldmFcL3dwLWNvbnRlbnRcL3VwbG9hZHNcLzIwMjVcLzEwXC80MDAteC0xNTBfTE9HTy1CQVJOQUZJLUtSVVNFLnBuZyIsInNsaWRlc2hvdyI6ImM3OTQxZDUifQ%3D%3D\" href=\"https:\/\/laboval.cl\/nueva\/wp-content\/uploads\/2025\/10\/400-x-150_LOGO-BARNAFI-KRUSE.png\"><figure class=\"swiper-slide-inner\"><img class=\"swiper-slide-image swiper-lazy\" data-src=\"https:\/\/laboval.cl\/nueva\/wp-content\/uploads\/2025\/10\/400-x-150_LOGO-BARNAFI-KRUSE.png\" alt=\"400 x 150_LOGO BARNAFI KRUSE\" \/><div class=\"swiper-lazy-preloader\"><\/div><\/figure><\/a><\/div><div class=\"swiper-slide\" role=\"group\" aria-roledescription=\"slide\" aria-label=\"2 de 5\"><a data-elementor-open-lightbox=\"yes\" data-elementor-lightbox-slideshow=\"c7941d5\" data-elementor-lightbox-title=\"400 x 150_LOGO ROCHE\" data-e-action-hash=\"#elementor-action%3Aaction%3Dlightbox%26settings%3DeyJpZCI6ODM2LCJ1cmwiOiJodHRwczpcL1wvbGFib3ZhbC5jbFwvbnVldmFcL3dwLWNvbnRlbnRcL3VwbG9hZHNcLzIwMjVcLzEwXC80MDAteC0xNTBfTE9HTy1ST0NIRS5wbmciLCJzbGlkZXNob3ciOiJjNzk0MWQ1In0%3D\" href=\"https:\/\/laboval.cl\/nueva\/wp-content\/uploads\/2025\/10\/400-x-150_LOGO-ROCHE.png\"><figure class=\"swiper-slide-inner\"><img class=\"swiper-slide-image swiper-lazy\" data-src=\"https:\/\/laboval.cl\/nueva\/wp-content\/uploads\/2025\/10\/400-x-150_LOGO-ROCHE.png\" alt=\"400 x 150_LOGO ROCHE\" \/><div class=\"swiper-lazy-preloader\"><\/div><\/figure><\/a><\/div><div class=\"swiper-slide\" role=\"group\" aria-roledescription=\"slide\" aria-label=\"3 de 5\"><a data-elementor-open-lightbox=\"yes\" data-elementor-lightbox-slideshow=\"c7941d5\" data-elementor-lightbox-title=\"400 x 150_LOGO CMK\" data-e-action-hash=\"#elementor-action%3Aaction%3Dlightbox%26settings%3DeyJpZCI6ODMzLCJ1cmwiOiJodHRwczpcL1wvbGFib3ZhbC5jbFwvbnVldmFcL3dwLWNvbnRlbnRcL3VwbG9hZHNcLzIwMjVcLzEwXC80MDAteC0xNTBfTE9HTy1DTUsucG5nIiwic2xpZGVzaG93IjoiYzc5NDFkNSJ9\" href=\"https:\/\/laboval.cl\/nueva\/wp-content\/uploads\/2025\/10\/400-x-150_LOGO-CMK.png\"><figure class=\"swiper-slide-inner\"><img class=\"swiper-slide-image swiper-lazy\" data-src=\"https:\/\/laboval.cl\/nueva\/wp-content\/uploads\/2025\/10\/400-x-150_LOGO-CMK.png\" alt=\"400 x 150_LOGO CMK\" \/><div class=\"swiper-lazy-preloader\"><\/div><\/figure><\/a><\/div><div class=\"swiper-slide\" role=\"group\" aria-roledescription=\"slide\" aria-label=\"4 de 5\"><a data-elementor-open-lightbox=\"yes\" data-elementor-lightbox-slideshow=\"c7941d5\" data-elementor-lightbox-title=\"400 x 150_LOGO PROFAR_2\" data-e-action-hash=\"#elementor-action%3Aaction%3Dlightbox%26settings%3DeyJpZCI6ODMxLCJ1cmwiOiJodHRwczpcL1wvbGFib3ZhbC5jbFwvbnVldmFcL3dwLWNvbnRlbnRcL3VwbG9hZHNcLzIwMjVcLzEwXC80MDAteC0xNTBfTE9HTy1QUk9GQVJfMi5wbmciLCJzbGlkZXNob3ciOiJjNzk0MWQ1In0%3D\" href=\"https:\/\/laboval.cl\/nueva\/wp-content\/uploads\/2025\/10\/400-x-150_LOGO-PROFAR_2.png\"><figure class=\"swiper-slide-inner\"><img class=\"swiper-slide-image swiper-lazy\" data-src=\"https:\/\/laboval.cl\/nueva\/wp-content\/uploads\/2025\/10\/400-x-150_LOGO-PROFAR_2.png\" alt=\"400 x 150_LOGO PROFAR_2\" \/><div class=\"swiper-lazy-preloader\"><\/div><\/figure><\/a><\/div><div class=\"swiper-slide\" role=\"group\" aria-roledescription=\"slide\" aria-label=\"5 de 5\"><a data-elementor-open-lightbox=\"yes\" data-elementor-lightbox-slideshow=\"c7941d5\" data-elementor-lightbox-title=\"400 x 150_LOGO DIAGNOVAL\" data-e-action-hash=\"#elementor-action%3Aaction%3Dlightbox%26settings%3DeyJpZCI6ODMyLCJ1cmwiOiJodHRwczpcL1wvbGFib3ZhbC5jbFwvbnVldmFcL3dwLWNvbnRlbnRcL3VwbG9hZHNcLzIwMjVcLzEwXC80MDAteC0xNTBfTE9HTy1ESUFHTk9WQUwucG5nIiwic2xpZGVzaG93IjoiYzc5NDFkNSJ9\" href=\"https:\/\/laboval.cl\/nueva\/wp-content\/uploads\/2025\/10\/400-x-150_LOGO-DIAGNOVAL.png\"><figure class=\"swiper-slide-inner\"><img class=\"swiper-slide-image swiper-lazy\" data-src=\"https:\/\/laboval.cl\/nueva\/wp-content\/uploads\/2025\/10\/400-x-150_LOGO-DIAGNOVAL.png\" alt=\"400 x 150_LOGO DIAGNOVAL\" \/><div class=\"swiper-lazy-preloader\"><\/div><\/figure><\/a><\/div>\t\t\t<\/div>\n\t\t\t\t\t\t\t\t\t\t\t\t<div class=\"elementor-swiper-button elementor-swiper-button-prev\" role=\"button\" tabindex=\"0\">\n\t\t\t\t\t\t<svg aria-hidden=\"true\" class=\"e-font-icon-svg e-eicon-chevron-left\" viewBox=\"0 0 1000 1000\" xmlns=\"http:\/\/www.w3.org\/2000\/svg\"><path d=\"M646 125C629 125 613 133 604 142L308 442C296 454 292 471 292 487 292 504 296 521 308 533L604 854C617 867 629 875 646 875 663 875 679 871 692 858 704 846 713 829 713 812 713 796 708 779 692 767L438 487 692 225C700 217 708 204 708 187 708 171 704 154 692 142 675 129 663 125 646 125Z\"><\/path><\/svg>\t\t\t\t\t<\/div>\n\t\t\t\t\t<div class=\"elementor-swiper-button elementor-swiper-button-next\" role=\"button\" tabindex=\"0\">\n\t\t\t\t\t\t<svg aria-hidden=\"true\" class=\"e-font-icon-svg e-eicon-chevron-right\" viewBox=\"0 0 1000 1000\" xmlns=\"http:\/\/www.w3.org\/2000\/svg\"><path d=\"M696 533C708 521 713 504 713 487 713 471 708 454 696 446L400 146C388 133 375 125 354 125 338 125 325 129 313 142 300 154 292 171 292 187 292 204 296 221 308 233L563 492 304 771C292 783 288 800 288 817 288 833 296 850 308 863 321 871 338 875 354 875 371 875 388 867 400 854L696 533Z\"><\/path><\/svg>\t\t\t\t\t<\/div>\n\t\t\t\t\n\t\t\t\t\t\t\t\t\t<div class=\"swiper-pagination\"><\/div>\n\t\t\t\t\t\t\t\t\t<\/div>\n\t\t\t\t\t\t<\/div>\n\t\t\t\t\t<\/div>\n\t\t\t\t<\/div>\n\t\t\t\t<\/div>\n\t\t","protected":false},"excerpt":{"rendered":"<p>Quienes Somos Somos un equipo de profesionales de la salud comprometidos con la precisi\u00f3n diagn\u00f3stica, la innovaci\u00f3n tecnol\u00f3gica y la atenci\u00f3n cercana a nuestros pacientes.Nuestro objetivo es ser un socio confiable para m\u00e9dicos y pacientes, entregando resultados de excelencia que apoyen decisiones m\u00e9dicas certeras y oportunas.\u00a0 Nuestra Historia Laboratorio Cl\u00ednico LABOVAL SpA es una sociedad [&hellip;]<\/p>\n","protected":false},"author":1,"featured_media":0,"parent":0,"menu_order":0,"comment_status":"closed","ping_status":"closed","template":"","meta":{"footnotes":""},"class_list":["post-25","page","type-page","status-publish","hentry"],"_links":{"self":[{"href":"https:\/\/laboval.cl\/nueva\/wp-json\/wp\/v2\/pages\/25","targetHints":{"allow":["GET"]}}],"collection":[{"href":"https:\/\/laboval.cl\/nueva\/wp-json\/wp\/v2\/pages"}],"about":[{"href":"https:\/\/laboval.cl\/nueva\/wp-json\/wp\/v2\/types\/page"}],"author":[{"embeddable":true,"href":"https:\/\/laboval.cl\/nueva\/wp-json\/wp\/v2\/users\/1"}],"replies":[{"embeddable":true,"href":"https:\/\/laboval.cl\/nueva\/wp-json\/wp\/v2\/comments?post=25"}],"version-history":[{"count":38,"href":"https:\/\/laboval.cl\/nueva\/wp-json\/wp\/v2\/pages\/25\/revisions"}],"predecessor-version":[{"id":919,"href":"https:\/\/laboval.cl\/nueva\/wp-json\/wp\/v2\/pages\/25\/revisions\/919"}],"wp:attachment":[{"href":"https:\/\/laboval.cl\/nueva\/wp-json\/wp\/v2\/media?parent=25"}],"curies":[{"name":"wp","href":"https:\/\/api.w.org\/{rel}","templated":true}]}}