{"id":23,"date":"2025-10-02T18:17:05","date_gmt":"2025-10-02T18:17:05","guid":{"rendered":"https:\/\/laboval.cl\/nueva\/?page_id=23"},"modified":"2025-10-29T14:12:25","modified_gmt":"2025-10-29T14:12:25","slug":"convenios","status":"publish","type":"page","link":"https:\/\/laboval.cl\/nueva\/convenios\/","title":{"rendered":"Convenios"},"content":{"rendered":"\t\t<div data-elementor-type=\"wp-page\" data-elementor-id=\"23\" class=\"elementor elementor-23\" data-elementor-post-type=\"page\">\n\t\t\t\t<div class=\"elementor-element elementor-element-e5dfc11 e-flex e-con-boxed e-con e-parent\" data-id=\"e5dfc11\" data-element_type=\"container\" data-e-type=\"container\">\n\t\t\t\t\t<div class=\"e-con-inner\">\n\t\t\t\t<div class=\"elementor-element elementor-element-c4edbb7 elementor-widget elementor-widget-heading\" data-id=\"c4edbb7\" data-element_type=\"widget\" data-e-type=\"widget\" data-widget_type=\"heading.default\">\n\t\t\t\t\t<h1 class=\"elementor-heading-title elementor-size-default\">Convenios de Salud<\/h1>\t\t\t\t<\/div>\n\t\t\t\t\t<\/div>\n\t\t\t\t<\/div>\n\t\t<div class=\"elementor-element elementor-element-3dfa0882 e-flex e-con-boxed e-con e-parent\" data-id=\"3dfa0882\" data-element_type=\"container\" data-e-type=\"container\">\n\t\t\t\t\t<div class=\"e-con-inner\">\n\t\t\t\t<div class=\"elementor-element elementor-element-63c74c9c elementor-widget elementor-widget-text-editor\" data-id=\"63c74c9c\" data-element_type=\"widget\" data-e-type=\"widget\" data-widget_type=\"text-editor.default\">\n\t\t\t\t\t\t\t\t\t<p>Pensando en tu comodidad, contamos con convenios de salud que te permiten acceder a nuestros servicios con mayor cobertura preferente.<\/p>\t\t\t\t\t\t\t\t<\/div>\n\t\t\t\t<div class=\"elementor-element elementor-element-09edd54 elementor-arrows-position-inside elementor-pagination-position-outside elementor-widget elementor-widget-image-carousel\" data-id=\"09edd54\" data-element_type=\"widget\" data-e-type=\"widget\" data-settings=\"{&quot;slides_to_show&quot;:&quot;4&quot;,&quot;slides_to_scroll&quot;:&quot;1&quot;,&quot;lazyload&quot;:&quot;yes&quot;,&quot;image_spacing_custom&quot;:{&quot;unit&quot;:&quot;px&quot;,&quot;size&quot;:0,&quot;sizes&quot;:[]},&quot;autoplay_speed&quot;:4000,&quot;navigation&quot;:&quot;both&quot;,&quot;autoplay&quot;:&quot;yes&quot;,&quot;pause_on_hover&quot;:&quot;yes&quot;,&quot;pause_on_interaction&quot;:&quot;yes&quot;,&quot;infinite&quot;:&quot;yes&quot;,&quot;speed&quot;:500,&quot;image_spacing_custom_tablet&quot;:{&quot;unit&quot;:&quot;px&quot;,&quot;size&quot;:&quot;&quot;,&quot;sizes&quot;:[]},&quot;image_spacing_custom_mobile&quot;:{&quot;unit&quot;:&quot;px&quot;,&quot;size&quot;:&quot;&quot;,&quot;sizes&quot;:[]}}\" data-widget_type=\"image-carousel.default\">\n\t\t\t\t\t\t\t<div class=\"elementor-image-carousel-wrapper swiper\" role=\"region\" aria-roledescription=\"carousel\" aria-label=\"Carrusel de im\u00e1genes\" dir=\"ltr\">\n\t\t\t<div class=\"elementor-image-carousel swiper-wrapper\" aria-live=\"off\">\n\t\t\t\t\t\t\t\t<div class=\"swiper-slide\" role=\"group\" aria-roledescription=\"slide\" aria-label=\"1 de 9\"><a data-elementor-open-lightbox=\"yes\" data-elementor-lightbox-slideshow=\"09edd54\" data-elementor-lightbox-title=\"WhatsApp Image 2025-10-05 at 8.49.21 PM (1)\" data-e-action-hash=\"#elementor-action%3Aaction%3Dlightbox%26settings%3DeyJpZCI6MjE4LCJ1cmwiOiJodHRwczpcL1wvbGFib3ZhbC5jbFwvbnVldmFcL3dwLWNvbnRlbnRcL3VwbG9hZHNcLzIwMjVcLzEwXC9XaGF0c0FwcC1JbWFnZS0yMDI1LTEwLTA1LWF0LTguNDkuMjEtUE0tMS5qcGVnIiwic2xpZGVzaG93IjoiMDllZGQ1NCJ9\" href=\"https:\/\/laboval.cl\/nueva\/wp-content\/uploads\/2025\/10\/WhatsApp-Image-2025-10-05-at-8.49.21-PM-1.jpeg\"><figure class=\"swiper-slide-inner\"><img class=\"swiper-slide-image swiper-lazy\" data-src=\"https:\/\/laboval.cl\/nueva\/wp-content\/uploads\/2025\/10\/WhatsApp-Image-2025-10-05-at-8.49.21-PM-1.jpeg\" alt=\"WhatsApp Image 2025-10-05 at 8.49.21 PM (1)\" \/><div class=\"swiper-lazy-preloader\"><\/div><\/figure><\/a><\/div><div class=\"swiper-slide\" role=\"group\" aria-roledescription=\"slide\" aria-label=\"2 de 9\"><a data-elementor-open-lightbox=\"yes\" data-elementor-lightbox-slideshow=\"09edd54\" data-elementor-lightbox-title=\"WhatsApp Image 2025-10-05 at 8.49.21 PM (2)\" data-e-action-hash=\"#elementor-action%3Aaction%3Dlightbox%26settings%3DeyJpZCI6MjE5LCJ1cmwiOiJodHRwczpcL1wvbGFib3ZhbC5jbFwvbnVldmFcL3dwLWNvbnRlbnRcL3VwbG9hZHNcLzIwMjVcLzEwXC9XaGF0c0FwcC1JbWFnZS0yMDI1LTEwLTA1LWF0LTguNDkuMjEtUE0tMi5qcGVnIiwic2xpZGVzaG93IjoiMDllZGQ1NCJ9\" href=\"https:\/\/laboval.cl\/nueva\/wp-content\/uploads\/2025\/10\/WhatsApp-Image-2025-10-05-at-8.49.21-PM-2.jpeg\"><figure class=\"swiper-slide-inner\"><img class=\"swiper-slide-image swiper-lazy\" data-src=\"https:\/\/laboval.cl\/nueva\/wp-content\/uploads\/2025\/10\/WhatsApp-Image-2025-10-05-at-8.49.21-PM-2.jpeg\" alt=\"WhatsApp Image 2025-10-05 at 8.49.21 PM (2)\" \/><div class=\"swiper-lazy-preloader\"><\/div><\/figure><\/a><\/div><div class=\"swiper-slide\" role=\"group\" aria-roledescription=\"slide\" aria-label=\"3 de 9\"><a data-elementor-open-lightbox=\"yes\" data-elementor-lightbox-slideshow=\"09edd54\" data-elementor-lightbox-title=\"WhatsApp Image 2025-10-05 at 8.49.21 PM (3)\" data-e-action-hash=\"#elementor-action%3Aaction%3Dlightbox%26settings%3DeyJpZCI6MjIwLCJ1cmwiOiJodHRwczpcL1wvbGFib3ZhbC5jbFwvbnVldmFcL3dwLWNvbnRlbnRcL3VwbG9hZHNcLzIwMjVcLzEwXC9XaGF0c0FwcC1JbWFnZS0yMDI1LTEwLTA1LWF0LTguNDkuMjEtUE0tMy5qcGVnIiwic2xpZGVzaG93IjoiMDllZGQ1NCJ9\" href=\"https:\/\/laboval.cl\/nueva\/wp-content\/uploads\/2025\/10\/WhatsApp-Image-2025-10-05-at-8.49.21-PM-3.jpeg\"><figure class=\"swiper-slide-inner\"><img class=\"swiper-slide-image swiper-lazy\" data-src=\"https:\/\/laboval.cl\/nueva\/wp-content\/uploads\/2025\/10\/WhatsApp-Image-2025-10-05-at-8.49.21-PM-3.jpeg\" alt=\"WhatsApp Image 2025-10-05 at 8.49.21 PM (3)\" \/><div class=\"swiper-lazy-preloader\"><\/div><\/figure><\/a><\/div><div class=\"swiper-slide\" role=\"group\" aria-roledescription=\"slide\" aria-label=\"4 de 9\"><a data-elementor-open-lightbox=\"yes\" data-elementor-lightbox-slideshow=\"09edd54\" data-elementor-lightbox-title=\"WhatsApp Image 2025-10-05 at 8.49.21 PM (4)\" data-e-action-hash=\"#elementor-action%3Aaction%3Dlightbox%26settings%3DeyJpZCI6MjIxLCJ1cmwiOiJodHRwczpcL1wvbGFib3ZhbC5jbFwvbnVldmFcL3dwLWNvbnRlbnRcL3VwbG9hZHNcLzIwMjVcLzEwXC9XaGF0c0FwcC1JbWFnZS0yMDI1LTEwLTA1LWF0LTguNDkuMjEtUE0tNC5qcGVnIiwic2xpZGVzaG93IjoiMDllZGQ1NCJ9\" href=\"https:\/\/laboval.cl\/nueva\/wp-content\/uploads\/2025\/10\/WhatsApp-Image-2025-10-05-at-8.49.21-PM-4.jpeg\"><figure class=\"swiper-slide-inner\"><img class=\"swiper-slide-image swiper-lazy\" data-src=\"https:\/\/laboval.cl\/nueva\/wp-content\/uploads\/2025\/10\/WhatsApp-Image-2025-10-05-at-8.49.21-PM-4.jpeg\" alt=\"WhatsApp Image 2025-10-05 at 8.49.21 PM (4)\" \/><div class=\"swiper-lazy-preloader\"><\/div><\/figure><\/a><\/div><div class=\"swiper-slide\" role=\"group\" aria-roledescription=\"slide\" aria-label=\"5 de 9\"><a data-elementor-open-lightbox=\"yes\" data-elementor-lightbox-slideshow=\"09edd54\" data-elementor-lightbox-title=\"WhatsApp Image 2025-10-05 at 8.49.21 PM (5)\" data-e-action-hash=\"#elementor-action%3Aaction%3Dlightbox%26settings%3DeyJpZCI6MjIyLCJ1cmwiOiJodHRwczpcL1wvbGFib3ZhbC5jbFwvbnVldmFcL3dwLWNvbnRlbnRcL3VwbG9hZHNcLzIwMjVcLzEwXC9XaGF0c0FwcC1JbWFnZS0yMDI1LTEwLTA1LWF0LTguNDkuMjEtUE0tNS5qcGVnIiwic2xpZGVzaG93IjoiMDllZGQ1NCJ9\" href=\"https:\/\/laboval.cl\/nueva\/wp-content\/uploads\/2025\/10\/WhatsApp-Image-2025-10-05-at-8.49.21-PM-5.jpeg\"><figure class=\"swiper-slide-inner\"><img class=\"swiper-slide-image swiper-lazy\" data-src=\"https:\/\/laboval.cl\/nueva\/wp-content\/uploads\/2025\/10\/WhatsApp-Image-2025-10-05-at-8.49.21-PM-5.jpeg\" alt=\"WhatsApp Image 2025-10-05 at 8.49.21 PM (5)\" \/><div class=\"swiper-lazy-preloader\"><\/div><\/figure><\/a><\/div><div class=\"swiper-slide\" role=\"group\" aria-roledescription=\"slide\" aria-label=\"6 de 9\"><a data-elementor-open-lightbox=\"yes\" data-elementor-lightbox-slideshow=\"09edd54\" data-elementor-lightbox-title=\"WhatsApp Image 2025-10-05 at 8.49.21 PM (6)\" data-e-action-hash=\"#elementor-action%3Aaction%3Dlightbox%26settings%3DeyJpZCI6MjIzLCJ1cmwiOiJodHRwczpcL1wvbGFib3ZhbC5jbFwvbnVldmFcL3dwLWNvbnRlbnRcL3VwbG9hZHNcLzIwMjVcLzEwXC9XaGF0c0FwcC1JbWFnZS0yMDI1LTEwLTA1LWF0LTguNDkuMjEtUE0tNi5qcGVnIiwic2xpZGVzaG93IjoiMDllZGQ1NCJ9\" href=\"https:\/\/laboval.cl\/nueva\/wp-content\/uploads\/2025\/10\/WhatsApp-Image-2025-10-05-at-8.49.21-PM-6.jpeg\"><figure class=\"swiper-slide-inner\"><img class=\"swiper-slide-image swiper-lazy\" data-src=\"https:\/\/laboval.cl\/nueva\/wp-content\/uploads\/2025\/10\/WhatsApp-Image-2025-10-05-at-8.49.21-PM-6.jpeg\" alt=\"WhatsApp Image 2025-10-05 at 8.49.21 PM (6)\" \/><div class=\"swiper-lazy-preloader\"><\/div><\/figure><\/a><\/div><div class=\"swiper-slide\" role=\"group\" aria-roledescription=\"slide\" aria-label=\"7 de 9\"><a data-elementor-open-lightbox=\"yes\" data-elementor-lightbox-slideshow=\"09edd54\" data-elementor-lightbox-title=\"400 x 150_LOGO CDIEM\" data-e-action-hash=\"#elementor-action%3Aaction%3Dlightbox%26settings%3DeyJpZCI6ODM0LCJ1cmwiOiJodHRwczpcL1wvbGFib3ZhbC5jbFwvbnVldmFcL3dwLWNvbnRlbnRcL3VwbG9hZHNcLzIwMjVcLzEwXC80MDAteC0xNTBfTE9HTy1DRElFTS5wbmciLCJzbGlkZXNob3ciOiIwOWVkZDU0In0%3D\" href=\"https:\/\/laboval.cl\/nueva\/wp-content\/uploads\/2025\/10\/400-x-150_LOGO-CDIEM.png\"><figure class=\"swiper-slide-inner\"><img class=\"swiper-slide-image swiper-lazy\" data-src=\"https:\/\/laboval.cl\/nueva\/wp-content\/uploads\/2025\/10\/400-x-150_LOGO-CDIEM.png\" alt=\"400 x 150_LOGO CDIEM\" \/><div class=\"swiper-lazy-preloader\"><\/div><\/figure><\/a><\/div><div class=\"swiper-slide\" role=\"group\" aria-roledescription=\"slide\" aria-label=\"8 de 9\"><a data-elementor-open-lightbox=\"yes\" data-elementor-lightbox-slideshow=\"09edd54\" data-elementor-lightbox-title=\"400 x 150_LOGO DIAGNOVAL\" data-e-action-hash=\"#elementor-action%3Aaction%3Dlightbox%26settings%3DeyJpZCI6ODMyLCJ1cmwiOiJodHRwczpcL1wvbGFib3ZhbC5jbFwvbnVldmFcL3dwLWNvbnRlbnRcL3VwbG9hZHNcLzIwMjVcLzEwXC80MDAteC0xNTBfTE9HTy1ESUFHTk9WQUwucG5nIiwic2xpZGVzaG93IjoiMDllZGQ1NCJ9\" href=\"https:\/\/laboval.cl\/nueva\/wp-content\/uploads\/2025\/10\/400-x-150_LOGO-DIAGNOVAL.png\"><figure class=\"swiper-slide-inner\"><img class=\"swiper-slide-image swiper-lazy\" data-src=\"https:\/\/laboval.cl\/nueva\/wp-content\/uploads\/2025\/10\/400-x-150_LOGO-DIAGNOVAL.png\" alt=\"400 x 150_LOGO DIAGNOVAL\" \/><div class=\"swiper-lazy-preloader\"><\/div><\/figure><\/a><\/div><div class=\"swiper-slide\" role=\"group\" aria-roledescription=\"slide\" aria-label=\"9 de 9\"><a data-elementor-open-lightbox=\"yes\" data-elementor-lightbox-slideshow=\"09edd54\" data-elementor-lightbox-title=\"400 x 150_LOGO CENTRO OFTALMOLOGICO LASER\" data-e-action-hash=\"#elementor-action%3Aaction%3Dlightbox%26settings%3DeyJpZCI6ODMwLCJ1cmwiOiJodHRwczpcL1wvbGFib3ZhbC5jbFwvbnVldmFcL3dwLWNvbnRlbnRcL3VwbG9hZHNcLzIwMjVcLzEwXC80MDAteC0xNTBfTE9HTy1DRU5UUk8tT0ZUQUxNT0xPR0lDTy1MQVNFUi5wbmciLCJzbGlkZXNob3ciOiIwOWVkZDU0In0%3D\" href=\"https:\/\/laboval.cl\/nueva\/wp-content\/uploads\/2025\/10\/400-x-150_LOGO-CENTRO-OFTALMOLOGICO-LASER.png\"><figure class=\"swiper-slide-inner\"><img class=\"swiper-slide-image swiper-lazy\" data-src=\"https:\/\/laboval.cl\/nueva\/wp-content\/uploads\/2025\/10\/400-x-150_LOGO-CENTRO-OFTALMOLOGICO-LASER.png\" alt=\"400 x 150_LOGO CENTRO OFTALMOLOGICO LASER\" \/><div class=\"swiper-lazy-preloader\"><\/div><\/figure><\/a><\/div>\t\t\t<\/div>\n\t\t\t\t\t\t\t\t\t\t\t\t<div class=\"elementor-swiper-button elementor-swiper-button-prev\" role=\"button\" tabindex=\"0\">\n\t\t\t\t\t\t<svg aria-hidden=\"true\" class=\"e-font-icon-svg e-eicon-chevron-left\" viewBox=\"0 0 1000 1000\" xmlns=\"http:\/\/www.w3.org\/2000\/svg\"><path d=\"M646 125C629 125 613 133 604 142L308 442C296 454 292 471 292 487 292 504 296 521 308 533L604 854C617 867 629 875 646 875 663 875 679 871 692 858 704 846 713 829 713 812 713 796 708 779 692 767L438 487 692 225C700 217 708 204 708 187 708 171 704 154 692 142 675 129 663 125 646 125Z\"><\/path><\/svg>\t\t\t\t\t<\/div>\n\t\t\t\t\t<div class=\"elementor-swiper-button elementor-swiper-button-next\" role=\"button\" tabindex=\"0\">\n\t\t\t\t\t\t<svg aria-hidden=\"true\" class=\"e-font-icon-svg e-eicon-chevron-right\" viewBox=\"0 0 1000 1000\" xmlns=\"http:\/\/www.w3.org\/2000\/svg\"><path d=\"M696 533C708 521 713 504 713 487 713 471 708 454 696 446L400 146C388 133 375 125 354 125 338 125 325 129 313 142 300 154 292 171 292 187 292 204 296 221 308 233L563 492 304 771C292 783 288 800 288 817 288 833 296 850 308 863 321 871 338 875 354 875 371 875 388 867 400 854L696 533Z\"><\/path><\/svg>\t\t\t\t\t<\/div>\n\t\t\t\t\n\t\t\t\t\t\t\t\t\t<div class=\"swiper-pagination\"><\/div>\n\t\t\t\t\t\t\t\t\t<\/div>\n\t\t\t\t\t\t<\/div>\n\t\t\t\t\t<\/div>\n\t\t\t\t<\/div>\n\t\t<div class=\"elementor-element elementor-element-563f07d e-flex e-con-boxed e-con e-parent\" data-id=\"563f07d\" data-element_type=\"container\" data-e-type=\"container\">\n\t\t\t\t\t<div class=\"e-con-inner\">\n\t\t\t\t<div class=\"elementor-element elementor-element-eff138a elementor-widget elementor-widget-heading\" data-id=\"eff138a\" data-element_type=\"widget\" data-e-type=\"widget\" data-widget_type=\"heading.default\">\n\t\t\t\t\t<h1 class=\"elementor-heading-title elementor-size-default\">Previsi\u00f3n de Salud<\/h1>\t\t\t\t<\/div>\n\t\t\t\t\t<\/div>\n\t\t\t\t<\/div>\n\t\t<div class=\"elementor-element elementor-element-abbfe22 e-flex e-con-boxed e-con e-parent\" data-id=\"abbfe22\" data-element_type=\"container\" data-e-type=\"container\">\n\t\t\t\t\t<div class=\"e-con-inner\">\n\t\t<div class=\"elementor-element elementor-element-8e4158f e-con-full e-flex e-con e-child\" data-id=\"8e4158f\" data-element_type=\"container\" data-e-type=\"container\" data-settings=\"{&quot;background_background&quot;:&quot;classic&quot;}\">\n\t\t\t\t<div class=\"elementor-element elementor-element-dd4bb59 elementor-widget elementor-widget-heading\" data-id=\"dd4bb59\" data-element_type=\"widget\" data-e-type=\"widget\" data-widget_type=\"heading.default\">\n\t\t\t\t\t<h1 class=\"elementor-heading-title elementor-size-default\">Fonasa<\/h1>\t\t\t\t<\/div>\n\t\t\t\t<div class=\"elementor-element elementor-element-867dda8 elementor-widget elementor-widget-text-editor\" data-id=\"867dda8\" data-element_type=\"widget\" data-e-type=\"widget\" data-widget_type=\"text-editor.default\">\n\t\t\t\t\t\t\t\t\t<ul>\n<li>Atenci\u00f3n con bono electr\u00f3nico.<\/li>\n<li>Cobertura en una amplia gama de prestaciones.<\/li>\n<li>Fonasa Nivel 1 y Nivel 3<\/li>\n<li>Seguros complementarios autom\u00e1ticos.<\/li>\n<li>Servicio a domicilio con bono electr\u00f3nico.<\/li>\n<\/ul>\t\t\t\t\t\t\t\t<\/div>\n\t\t\t\t<div class=\"elementor-element elementor-element-64a002b elementor-widget elementor-widget-button\" data-id=\"64a002b\" data-element_type=\"widget\" data-e-type=\"widget\" data-widget_type=\"button.default\">\n\t\t\t\t\t\t\t\t\t\t<a class=\"elementor-button elementor-button-link elementor-size-sm\" href=\"https:\/\/laboval.cl\/nueva\/fonasa\/\">\n\t\t\t\t\t\t<span class=\"elementor-button-content-wrapper\">\n\t\t\t\t\t\t\t\t\t<span class=\"elementor-button-text\">CONOCER +<\/span>\n\t\t\t\t\t<\/span>\n\t\t\t\t\t<\/a>\n\t\t\t\t\t\t\t\t<\/div>\n\t\t\t\t<\/div>\n\t\t<div class=\"elementor-element elementor-element-2f33c0f e-con-full e-flex e-con e-child\" data-id=\"2f33c0f\" data-element_type=\"container\" data-e-type=\"container\" data-settings=\"{&quot;background_background&quot;:&quot;classic&quot;}\">\n\t\t\t\t<div class=\"elementor-element elementor-element-8689a8d elementor-widget elementor-widget-heading\" data-id=\"8689a8d\" data-element_type=\"widget\" data-e-type=\"widget\" data-widget_type=\"heading.default\">\n\t\t\t\t\t<h1 class=\"elementor-heading-title elementor-size-default\">Isapres<\/h1>\t\t\t\t<\/div>\n\t\t\t\t<div class=\"elementor-element elementor-element-cb5814b elementor-widget elementor-widget-text-editor\" data-id=\"cb5814b\" data-element_type=\"widget\" data-e-type=\"widget\" data-widget_type=\"text-editor.default\">\n\t\t\t\t\t\t\t\t\t<p>En sucursales nivel 3 tenemos convenio con:<\/p>\n<ul>\n<li>Colmena<\/li>\n<li>Consalud<\/li>\n<li>Nueva Masvida<\/li>\n<\/ul>\n<p>\u00a0<\/p>\n<ul>\n<li>Atenci\u00f3n con bono electr\u00f3nico.<\/li>\n<li>Cobertura en una amplia gama de prestaciones.<\/li>\n<li>Consulta qu\u00e9 sucursales cuentan con convenio a Isapres.<\/li>\n<\/ul>\t\t\t\t\t\t\t\t<\/div>\n\t\t\t\t<div class=\"elementor-element elementor-element-926a4d3 elementor-widget elementor-widget-button\" data-id=\"926a4d3\" data-element_type=\"widget\" data-e-type=\"widget\" data-widget_type=\"button.default\">\n\t\t\t\t\t\t\t\t\t\t<a class=\"elementor-button elementor-button-link elementor-size-sm\" href=\"https:\/\/laboval.cl\/nueva\/sucursales\/\">\n\t\t\t\t\t\t<span class=\"elementor-button-content-wrapper\">\n\t\t\t\t\t\t\t\t\t<span class=\"elementor-button-text\">IR A SUCURSALES<\/span>\n\t\t\t\t\t<\/span>\n\t\t\t\t\t<\/a>\n\t\t\t\t\t\t\t\t<\/div>\n\t\t\t\t<\/div>\n\t\t\t\t\t<\/div>\n\t\t\t\t<\/div>\n\t\t<div class=\"elementor-element elementor-element-90ca023 e-flex e-con-boxed e-con e-parent\" data-id=\"90ca023\" data-element_type=\"container\" data-e-type=\"container\">\n\t\t\t\t\t<div class=\"e-con-inner\">\n\t\t\t\t<div class=\"elementor-element elementor-element-98285fa elementor-widget elementor-widget-heading\" data-id=\"98285fa\" data-element_type=\"widget\" data-e-type=\"widget\" data-widget_type=\"heading.default\">\n\t\t\t\t\t<h1 class=\"elementor-heading-title elementor-size-default\">Alianzas &amp; Convenios<\/h1>\t\t\t\t<\/div>\n\t\t\t\t\t<\/div>\n\t\t\t\t<\/div>\n\t\t<div class=\"elementor-element elementor-element-b290387 e-flex e-con-boxed e-con e-parent\" data-id=\"b290387\" data-element_type=\"container\" data-e-type=\"container\">\n\t\t\t\t\t<div class=\"e-con-inner\">\n\t\t<div class=\"elementor-element elementor-element-03e2c85 e-con-full e-flex e-con e-child\" data-id=\"03e2c85\" data-element_type=\"container\" data-e-type=\"container\" data-settings=\"{&quot;background_background&quot;:&quot;classic&quot;}\">\n\t\t\t\t<div class=\"elementor-element elementor-element-f386695 elementor-widget elementor-widget-heading\" data-id=\"f386695\" data-element_type=\"widget\" data-e-type=\"widget\" data-widget_type=\"heading.default\">\n\t\t\t\t\t<h1 class=\"elementor-heading-title elementor-size-default\">Convenios de Procesamiento<\/h1>\t\t\t\t<\/div>\n\t\t\t\t<div class=\"elementor-element elementor-element-b7902be elementor-widget elementor-widget-text-editor\" data-id=\"b7902be\" data-element_type=\"widget\" data-e-type=\"widget\" data-widget_type=\"text-editor.default\">\n\t\t\t\t\t\t\t\t\t<ul>\n<li>Centro Oftalmol\u00f3gico Laser &#8211; CEOLA<\/li>\n<li>Fuerza A\u00e9rea de Chile &#8211; FACH<\/li>\n<li>PROFAR<\/li>\n<li>Policl\u00ednico de Tabancura<!-- \/wp:paragraph --><!-- wp:paragraph --><\/li>\n<\/ul>\t\t\t\t\t\t\t\t<\/div>\n\t\t\t\t<\/div>\n\t\t<div class=\"elementor-element elementor-element-ac53e93 e-con-full e-flex e-con e-child\" data-id=\"ac53e93\" data-element_type=\"container\" data-e-type=\"container\" data-settings=\"{&quot;background_background&quot;:&quot;classic&quot;}\">\n\t\t\t\t<div class=\"elementor-element elementor-element-ea12e82 elementor-widget elementor-widget-heading\" data-id=\"ea12e82\" data-element_type=\"widget\" data-e-type=\"widget\" data-widget_type=\"heading.default\">\n\t\t\t\t\t<h1 class=\"elementor-heading-title elementor-size-default\">Convenios y Alianzas con Empresas<\/h1>\t\t\t\t<\/div>\n\t\t\t\t<div class=\"elementor-element elementor-element-9bac033 elementor-widget elementor-widget-text-editor\" data-id=\"9bac033\" data-element_type=\"widget\" data-e-type=\"widget\" data-widget_type=\"text-editor.default\">\n\t\t\t\t\t\t\t\t\t<ul>\n<li>Descuentos en ex\u00e1menes<\/li>\n<li>Alianzas con aseguradoras<\/li>\n<li>Operativos en terreno<\/li>\n<li>Packs de ex\u00e1menes preventivos<\/li>\n<li>Screening de drogas<\/li>\n<\/ul>\t\t\t\t\t\t\t\t<\/div>\n\t\t\t\t<div class=\"elementor-element elementor-element-4c0cbc1 elementor-widget elementor-widget-button\" data-id=\"4c0cbc1\" data-element_type=\"widget\" data-e-type=\"widget\" data-widget_type=\"button.default\">\n\t\t\t\t\t\t\t\t\t\t<a class=\"elementor-button elementor-button-link elementor-size-sm\" href=\"https:\/\/laboval.cl\/nueva\/convenios-con-alianzas-y-empresas\/\">\n\t\t\t\t\t\t<span class=\"elementor-button-content-wrapper\">\n\t\t\t\t\t\t\t\t\t<span class=\"elementor-button-text\">CONOCER +<\/span>\n\t\t\t\t\t<\/span>\n\t\t\t\t\t<\/a>\n\t\t\t\t\t\t\t\t<\/div>\n\t\t\t\t<\/div>\n\t\t\t\t\t<\/div>\n\t\t\t\t<\/div>\n\t\t\t\t<\/div>\n\t\t","protected":false},"excerpt":{"rendered":"<p>Convenios de Salud Pensando en tu comodidad, contamos con convenios de salud que te permiten acceder a nuestros servicios con mayor cobertura preferente. Previsi\u00f3n de Salud Fonasa Atenci\u00f3n con bono electr\u00f3nico. Cobertura en una amplia gama de prestaciones. Fonasa Nivel 1 y Nivel 3 Seguros complementarios autom\u00e1ticos. Servicio a domicilio con bono electr\u00f3nico. CONOCER + [&hellip;]<\/p>\n","protected":false},"author":1,"featured_media":0,"parent":0,"menu_order":0,"comment_status":"closed","ping_status":"closed","template":"","meta":{"footnotes":""},"class_list":["post-23","page","type-page","status-publish","hentry"],"_links":{"self":[{"href":"https:\/\/laboval.cl\/nueva\/wp-json\/wp\/v2\/pages\/23","targetHints":{"allow":["GET"]}}],"collection":[{"href":"https:\/\/laboval.cl\/nueva\/wp-json\/wp\/v2\/pages"}],"about":[{"href":"https:\/\/laboval.cl\/nueva\/wp-json\/wp\/v2\/types\/page"}],"author":[{"embeddable":true,"href":"https:\/\/laboval.cl\/nueva\/wp-json\/wp\/v2\/users\/1"}],"replies":[{"embeddable":true,"href":"https:\/\/laboval.cl\/nueva\/wp-json\/wp\/v2\/comments?post=23"}],"version-history":[{"count":54,"href":"https:\/\/laboval.cl\/nueva\/wp-json\/wp\/v2\/pages\/23\/revisions"}],"predecessor-version":[{"id":845,"href":"https:\/\/laboval.cl\/nueva\/wp-json\/wp\/v2\/pages\/23\/revisions\/845"}],"wp:attachment":[{"href":"https:\/\/laboval.cl\/nueva\/wp-json\/wp\/v2\/media?parent=23"}],"curies":[{"name":"wp","href":"https:\/\/api.w.org\/{rel}","templated":true}]}}